{"id":234,"date":"2020-06-22T20:21:42","date_gmt":"2020-06-22T18:21:42","guid":{"rendered":"http:\/\/financeinvestment.pl\/?page_id=234"},"modified":"2021-07-07T23:03:36","modified_gmt":"2021-07-07T21:03:36","slug":"2020mga1","status":"publish","type":"page","link":"https:\/\/financeinvestment.pl\/?page_id=234","title":{"rendered":"MISJA"},"content":{"rendered":"<p><img loading=\"lazy\" decoding=\"async\" class=\"alignnone wp-image-425 size-large\" src=\"http:\/\/financeinvestment.pl\/wp-content\/uploads\/2021\/07\/Misja-1024x357.png\" alt=\"\" width=\"1024\" height=\"357\" srcset=\"https:\/\/financeinvestment.pl\/wp-content\/uploads\/2021\/07\/Misja-1024x357.png 1024w, https:\/\/financeinvestment.pl\/wp-content\/uploads\/2021\/07\/Misja-300x105.png 300w, https:\/\/financeinvestment.pl\/wp-content\/uploads\/2021\/07\/Misja-768x268.png 768w, https:\/\/financeinvestment.pl\/wp-content\/uploads\/2021\/07\/Misja-1536x536.png 1536w, https:\/\/financeinvestment.pl\/wp-content\/uploads\/2021\/07\/Misja.png 1732w\" sizes=\"auto, (max-width: 1024px) 100vw, 1024px\" \/><\/p>\n<ol>\n<li>Stosujemy nowoczesne podej\u015bcie do zagadnie\u0144 ksi\u0119gowo\u015bci i nowoczesnych\u00a0rozwi\u0105za\u0144 informatycznych.<\/li>\n<li>Przygotowujemy wszystkie niezb\u0119dne dane fiskalne dla urz\u0119d\u00f3w.<\/li>\n<li>Tworzymy dla naszych klient\u00f3w\u00a0narz\u0119dzia, dzi\u0119ki kt\u00f3rym staj\u0105 si\u0119 bardziej konkurencyjni na rynku.<\/li>\n<li>Nieustannie skupiamy si\u0119 na zadowoleniu naszych klient\u00f3w.<\/li>\n<\/ol>\n<p>&nbsp;<\/p>\n<p>&nbsp;<\/p>\n<p>&nbsp;<\/p>\n","protected":false},"excerpt":{"rendered":"<p>Stosujemy nowoczesne podej\u015bcie do zagadnie\u0144 ksi\u0119gowo\u015bci i nowoczesnych\u00a0rozwi\u0105za\u0144 informatycznych. Przygotowujemy wszystkie niezb\u0119dne dane fiskalne dla urz\u0119d\u00f3w. Tworzymy dla naszych klient\u00f3w\u00a0narz\u0119dzia,&hellip;<\/p>\n","protected":false},"author":1,"featured_media":0,"parent":0,"menu_order":0,"comment_status":"closed","ping_status":"closed","template":"","meta":{"footnotes":""},"class_list":["post-234","page","type-page","status-publish","hentry"],"_links":{"self":[{"href":"https:\/\/financeinvestment.pl\/index.php?rest_route=\/wp\/v2\/pages\/234","targetHints":{"allow":["GET"]}}],"collection":[{"href":"https:\/\/financeinvestment.pl\/index.php?rest_route=\/wp\/v2\/pages"}],"about":[{"href":"https:\/\/financeinvestment.pl\/index.php?rest_route=\/wp\/v2\/types\/page"}],"author":[{"embeddable":true,"href":"https:\/\/financeinvestment.pl\/index.php?rest_route=\/wp\/v2\/users\/1"}],"replies":[{"embeddable":true,"href":"https:\/\/financeinvestment.pl\/index.php?rest_route=%2Fwp%2Fv2%2Fcomments&post=234"}],"version-history":[{"count":14,"href":"https:\/\/financeinvestment.pl\/index.php?rest_route=\/wp\/v2\/pages\/234\/revisions"}],"predecessor-version":[{"id":502,"href":"https:\/\/financeinvestment.pl\/index.php?rest_route=\/wp\/v2\/pages\/234\/revisions\/502"}],"wp:attachment":[{"href":"https:\/\/financeinvestment.pl\/index.php?rest_route=%2Fwp%2Fv2%2Fmedia&parent=234"}],"curies":[{"name":"wp","href":"https:\/\/api.w.org\/{rel}","templated":true}]}}