{"id":246,"date":"2020-06-22T20:26:20","date_gmt":"2020-06-22T18:26:20","guid":{"rendered":"http:\/\/financeinvestment.pl\/?page_id=246"},"modified":"2021-07-07T23:09:03","modified_gmt":"2021-07-07T21:09:03","slug":"mg2020a2","status":"publish","type":"page","link":"https:\/\/financeinvestment.pl\/?page_id=246","title":{"rendered":"O nas"},"content":{"rendered":"\r\n<h3><img loading=\"lazy\" decoding=\"async\" class=\"alignnone wp-image-446 size-large\" src=\"http:\/\/financeinvestment.pl\/wp-content\/uploads\/2021\/07\/OPen-1024x499.png\" alt=\"\" width=\"1024\" height=\"499\" srcset=\"https:\/\/financeinvestment.pl\/wp-content\/uploads\/2021\/07\/OPen-1024x499.png 1024w, https:\/\/financeinvestment.pl\/wp-content\/uploads\/2021\/07\/OPen-300x146.png 300w, https:\/\/financeinvestment.pl\/wp-content\/uploads\/2021\/07\/OPen-768x374.png 768w, https:\/\/financeinvestment.pl\/wp-content\/uploads\/2021\/07\/OPen.png 1150w\" sizes=\"auto, (max-width: 1024px) 100vw, 1024px\" \/><\/h3>\r\n<h3><span style=\"color: #ff0000;\">Zesp\u00f3\u0142 Finance Investment\u00a0<\/span><\/h3>\r\n<ul>\r\n<li>Zesp\u00f3\u0142 specjalist\u00f3w tworz\u0105cych Kancelaria Podatkowa Finance Investment<\/li>\r\n<li>powsta\u0142 w 2009 roku.<\/li>\r\n<li>Mamy do\u015bwiadczenie pozyskane przy prowadzeniu ksi\u0119gowo\u015bci firm zar\u00f3wno<\/li>\r\n<li>handlowych, jak i us\u0142ugowych.<\/li>\r\n<li>W celu zapewnienia kompleksowej\u00a0 obs\u0142ugi naszym Klientom wsp\u00f3\u0142pracujemy<\/li>\r\n<li>z renomowanymi doradcami podatkowymi, prawnikami, bieg\u0142ymi rewidentami<\/li>\r\n<li>specjalistami Prawa Pracy.<\/li>\r\n<li>Tutaj link do jednego z naszych ekspert\u00f3w: <span style=\"text-decoration: underline;\"><span style=\"color: #0000ff;\"><strong><a style=\"color: #0000ff; text-decoration: underline;\" href=\"https:\/\/chzp.pl\/nasz-zespol\/jaroslaw-zemantowski-\">Jaros\u0142aw \u017bemantowski<\/a><\/strong><\/span><\/span><\/li>\r\n<\/ul>\r\n<h3><span style=\"color: #ff0000;\">KANCELARIA PODATKOWA FINANCE INVESTMENT<\/span><\/h3>\r\n<p>Biuro ma siedzib\u0119 w Warszawie,\u00a0<\/p>\r\n<p>Oferujemy pe\u0142n\u0105 ksi\u0119gowo\u015b\u0107 sp\u00f3\u0142ek kapita\u0142owych i osobowych.\u00a0<\/p>\r\n<p>Oferujemy tak\u017ce ksi\u0119gowo\u015b\u0107 skr\u00f3con\u0105:<\/p>\r\n<ul>\r\n<li>KPiR<\/li>\r\n<li>rycza\u0142t<\/li>\r\n<li>karta podatkowa<\/li>\r\n<\/ul>\r\n<p>Biuro ksi\u0119gowe FINANCE INVESTMENT obs\u0142uguje klient\u00f3w z ca\u0142ej Polski.<\/p>\r\n<p>W Warszawie wsp\u00f3\u0142pracujemy od dawna z Urz\u0119dami Skarbowymi:<br \/>\u015ar\u00f3dmie\u015bcie, Warszawa-Mokot\u00f3w, S\u0142u\u017cew,\u00a0Ursyn\u00f3w, Ochota, Powi\u015ble, Wola.<\/p>\r\n<p>Nasze biuro rachunkowe oferuje konkurencyjne ceny i szybkie terminy realizacji.<\/p>\r\n<h3><span style=\"color: #ff0000;\">MOCNE STRONY KANCELARII PODATKOWEJ FINANCE INVESTMENT<\/span><\/h3>\r\n<ul>\r\n<li>licencja Ministra Finans\u00f3w<\/li>\r\n<li>konkurencyjne ceny<\/li>\r\n<li>szybkie terminy realizacji us\u0142ug<\/li>\r\n<li>zaanga\u017cowanie w sprawy klient\u00f3w (m. inn.: kredyty, leasingi, fundusze UE)<\/li>\r\n<li>pe\u0142na komputeryzacja (ksi\u0119gowo\u015b\u0107 on-line, zdalny serwer)<\/li>\r\n<li>dostosowanie naszych us\u0142ug do indywidualnych potrzeb i oczekiwa\u0144\u00a0Klient\u00f3w<\/li>\r\n<li>wieloletnie do\u015bwiadczenie w rozliczaniu firm na ternie GB oraz UE <br \/>(w sta\u0142ej obs\u0142udze firmy pracuj\u0105ce w FR, BE, NL, D, I, E, CZ i inne)\u00a0 \u00a0<\/li>\r\n<\/ul>","protected":false},"excerpt":{"rendered":"<p>Zesp\u00f3\u0142 Finance Investment\u00a0 Zesp\u00f3\u0142 specjalist\u00f3w tworz\u0105cych Kancelaria Podatkowa Finance Investment powsta\u0142 w 2009 roku. Mamy do\u015bwiadczenie pozyskane przy prowadzeniu ksi\u0119gowo\u015bci&hellip;<\/p>\n","protected":false},"author":2,"featured_media":0,"parent":0,"menu_order":0,"comment_status":"closed","ping_status":"closed","template":"","meta":{"footnotes":""},"class_list":["post-246","page","type-page","status-publish","hentry"],"_links":{"self":[{"href":"https:\/\/financeinvestment.pl\/index.php?rest_route=\/wp\/v2\/pages\/246","targetHints":{"allow":["GET"]}}],"collection":[{"href":"https:\/\/financeinvestment.pl\/index.php?rest_route=\/wp\/v2\/pages"}],"about":[{"href":"https:\/\/financeinvestment.pl\/index.php?rest_route=\/wp\/v2\/types\/page"}],"author":[{"embeddable":true,"href":"https:\/\/financeinvestment.pl\/index.php?rest_route=\/wp\/v2\/users\/2"}],"replies":[{"embeddable":true,"href":"https:\/\/financeinvestment.pl\/index.php?rest_route=%2Fwp%2Fv2%2Fcomments&post=246"}],"version-history":[{"count":13,"href":"https:\/\/financeinvestment.pl\/index.php?rest_route=\/wp\/v2\/pages\/246\/revisions"}],"predecessor-version":[{"id":504,"href":"https:\/\/financeinvestment.pl\/index.php?rest_route=\/wp\/v2\/pages\/246\/revisions\/504"}],"wp:attachment":[{"href":"https:\/\/financeinvestment.pl\/index.php?rest_route=%2Fwp%2Fv2%2Fmedia&parent=246"}],"curies":[{"name":"wp","href":"https:\/\/api.w.org\/{rel}","templated":true}]}}