{"id":43,"date":"2019-05-07T20:21:12","date_gmt":"2019-05-07T18:21:12","guid":{"rendered":"http:\/\/financeinvestment.pl\/?page_id=43"},"modified":"2021-07-13T20:36:37","modified_gmt":"2021-07-13T18:36:37","slug":"kontakt","status":"publish","type":"page","link":"https:\/\/financeinvestment.pl\/?page_id=43","title":{"rendered":"Kontakt"},"content":{"rendered":"\r\n<p><img loading=\"lazy\" decoding=\"async\" class=\"alignnone wp-image-484 size-large\" src=\"http:\/\/financeinvestment.pl\/wp-content\/uploads\/2021\/07\/Bracka-2-1024x500.png\" alt=\"\" width=\"1024\" height=\"500\" srcset=\"https:\/\/financeinvestment.pl\/wp-content\/uploads\/2021\/07\/Bracka-2-1024x500.png 1024w, https:\/\/financeinvestment.pl\/wp-content\/uploads\/2021\/07\/Bracka-2-300x147.png 300w, https:\/\/financeinvestment.pl\/wp-content\/uploads\/2021\/07\/Bracka-2-768x375.png 768w, https:\/\/financeinvestment.pl\/wp-content\/uploads\/2021\/07\/Bracka-2-1536x750.png 1536w, https:\/\/financeinvestment.pl\/wp-content\/uploads\/2021\/07\/Bracka-2.png 1916w\" sizes=\"auto, (max-width: 1024px) 100vw, 1024px\" \/><\/p>\r\n<h3><span style=\"color: #ff0000;\"><strong>Kancelaria Podatkowa <\/strong><strong>Finance Investment<\/strong><\/span><\/h3>\r\n<p>Bracka 22\/16 B<\/p>\r\n<p>00-028 Warszawa<\/p>\r\n<p>GSM: +48 602 160 611\u00a0<\/p>\r\n<p>e-mail: jolanta.stawicka@gmail.com<\/p>\r\n<p>W zwi\u0105zku z prac\u0105 wymagaj\u0105c\u0105 ogromnego skupienia<br \/>kontakt telefoniczny powinien zosta\u0107 um\u00f3wiony.<br \/>Prosz\u0119 wys\u0142a\u0107 sms na podany numer lub e-mail.<\/p>\r\n<p>Zwykle odpowiadamy w ci\u0105gu 24h.<\/p>\r\n<p><span style=\"font-size: 14pt;\"><strong><a href=\"http:\/\/financeinvestment.pl\/?p=409\">W przypadku pilnej sprawy zadzwo\u0144 TUTAJ<\/a>\u00a0<\/strong><\/span><\/p>\r\n<div class=\"su-gmap su-u-responsive-media-yes\"><iframe loading=\"lazy\" width=\"600\" height=\"400\" src=\"\/\/maps.google.com\/maps?q=Bracka%2022%2C%2000-022%20Warszawa&amp;output=embed&amp;z=15\" title=\"Mapa Dojazdu\"><\/iframe><\/div>","protected":false},"excerpt":{"rendered":"<p>Kancelaria Podatkowa Finance Investment Bracka 22\/16 B 00-028 Warszawa GSM: +48 602 160 611\u00a0 e-mail: jolanta.stawicka@gmail.com W zwi\u0105zku z prac\u0105&hellip;<\/p>\n","protected":false},"author":1,"featured_media":0,"parent":0,"menu_order":0,"comment_status":"closed","ping_status":"closed","template":"","meta":{"footnotes":""},"class_list":["post-43","page","type-page","status-publish","hentry"],"_links":{"self":[{"href":"https:\/\/financeinvestment.pl\/index.php?rest_route=\/wp\/v2\/pages\/43","targetHints":{"allow":["GET"]}}],"collection":[{"href":"https:\/\/financeinvestment.pl\/index.php?rest_route=\/wp\/v2\/pages"}],"about":[{"href":"https:\/\/financeinvestment.pl\/index.php?rest_route=\/wp\/v2\/types\/page"}],"author":[{"embeddable":true,"href":"https:\/\/financeinvestment.pl\/index.php?rest_route=\/wp\/v2\/users\/1"}],"replies":[{"embeddable":true,"href":"https:\/\/financeinvestment.pl\/index.php?rest_route=%2Fwp%2Fv2%2Fcomments&post=43"}],"version-history":[{"count":22,"href":"https:\/\/financeinvestment.pl\/index.php?rest_route=\/wp\/v2\/pages\/43\/revisions"}],"predecessor-version":[{"id":512,"href":"https:\/\/financeinvestment.pl\/index.php?rest_route=\/wp\/v2\/pages\/43\/revisions\/512"}],"wp:attachment":[{"href":"https:\/\/financeinvestment.pl\/index.php?rest_route=%2Fwp%2Fv2%2Fmedia&parent=43"}],"curies":[{"name":"wp","href":"https:\/\/api.w.org\/{rel}","templated":true}]}}