{"id":460,"date":"2021-07-07T17:19:30","date_gmt":"2021-07-07T15:19:30","guid":{"rendered":"http:\/\/financeinvestment.pl\/?page_id=460"},"modified":"2021-07-07T20:13:01","modified_gmt":"2021-07-07T18:13:01","slug":"ksiegowosc-i-finanse","status":"publish","type":"page","link":"https:\/\/financeinvestment.pl\/?page_id=460","title":{"rendered":"KSI\u0118GOWO\u015a\u0106 I FINANSE"},"content":{"rendered":"<h3><span style=\"color: #ff0000;\"><strong><img loading=\"lazy\" decoding=\"async\" class=\"alignnone wp-image-467 size-large\" src=\"http:\/\/financeinvestment.pl\/wp-content\/uploads\/2021\/07\/Special-ofer-1-1024x248.png\" alt=\"\" width=\"1024\" height=\"248\" srcset=\"https:\/\/financeinvestment.pl\/wp-content\/uploads\/2021\/07\/Special-ofer-1-1024x248.png 1024w, https:\/\/financeinvestment.pl\/wp-content\/uploads\/2021\/07\/Special-ofer-1-300x73.png 300w, https:\/\/financeinvestment.pl\/wp-content\/uploads\/2021\/07\/Special-ofer-1-768x186.png 768w, https:\/\/financeinvestment.pl\/wp-content\/uploads\/2021\/07\/Special-ofer-1.png 1514w\" sizes=\"auto, (max-width: 1024px) 100vw, 1024px\" \/><\/strong><\/span><\/h3>\n<h3><span style=\"color: #ff0000;\"><strong>FINANCE INVESTMENT KSI\u0118GOWO\u015a\u0106 I FINANSE<\/strong><\/span><\/h3>\n<ul>\n<li>\u015awiadczymy pe\u0142ny zakres us\u0142ug z zakresu ksi\u0119gowo\u015bci rachunkowej,\u00a0finansowej oraz zarz\u0105dczej.<\/li>\n<li>Rozliczamy firmy o r\u00f3\u017cnych formach\u00a0dzia\u0142alno\u015bci oraz budujemy efektywne systemy raportowania<br \/>\ndanych\u00a0finansowych dla potrzeb zarz\u0105du.<\/li>\n<li>Obs\u0142ugujemy te\u017c firmy rozliczaj\u0105ce si\u0119\u00a0przy pomocy uproszczonych metod ksi\u0119gowo\u015bci:\n<ul>\n<li>Ksi\u0105\u017cka Przychod\u00f3w i Rozchod\u00f3w<\/li>\n<li>Rycza\u0142t<\/li>\n<li>Karta Podatkowa<\/li>\n<\/ul>\n<\/li>\n<\/ul>\n<h3><span style=\"color: #ff0000;\"><strong>OFERTA FINANCE INVESTMENT KSI\u0118GOWO\u015a\u0106 I FINANSE<\/strong><\/span><\/h3>\n<ul>\n<li>Prowadzenie ksi\u0105g rachunkowych zgodnie z ustaw\u0105 o rachunkowo\u015bci<\/li>\n<li>Prowadzenie rozlicze\u0144 Ksi\u0105\u017cki Przychod\u00f3w i Rozchod\u00f3w, na zasadach og\u00f3lnych lub podatku liniowego (optymalizacja podatkowa + doradztwo w\u00a0zakresie finans\u00f3w osobistych)<\/li>\n<li>Prowadzenie rozlicze\u0144 Ewidencji Rycza\u0142towych<\/li>\n<li>Prowadzenie rozlicze\u0144 z tytu\u0142u podatku VAT<\/li>\n<li>Sporz\u0105dzanie miesi\u0119cznych i rocznych deklaracji podatkowych<\/li>\n<li>Kontakty z urz\u0119dami podatkowymi i pomoc w trakcie kontroli podatkowych<\/li>\n<li>Bilanse<\/li>\n<li>Rachunki przep\u0142yw\u00f3w pieni\u0119\u017cnych<\/li>\n<li>Bud\u017cetowanie i kontroling<\/li>\n<li>Analizy centr\u00f3w kosztowych<\/li>\n<li>Wnioski kredytowe, leasingowe<\/li>\n<li>Sporz\u0105dzanie rocznych sprawozda\u0144 finansowych<\/li>\n<li>Prowadzenie ewidencji \u015brodk\u00f3w trwa\u0142ych, warto\u015bci niematerialnych i\u00a0prawnych oraz wyposa\u017cenia<\/li>\n<li>Przygotowywanie projekt\u00f3w Zak\u0142adowych Plan\u00f3w Kont<\/li>\n<li>Doradztwo w zakresie ustanowienia Polityki Rachunkowo\u015bci<\/li>\n<li>Doradztwo w zakresie ustanowienia Systemu Obiegu Dokument\u00f3w<\/li>\n<li>Kontakt z Urz\u0119dem Skarbowym<\/li>\n<li>Pomoc przy rozpocz\u0119ciu dzia\u0142alno\u015bci<\/li>\n<li>Pomoc przy zamkni\u0119ciu dzia\u0142alno\u015bci<\/li>\n<li>Reprezentowanie Klienta przed U.S. i ZUS<\/li>\n<li>Opieka prawna kancelarii prawnej<\/li>\n<li>Analiza i ekspertyza dokument\u00f3w<\/li>\n<li>Archiwizacja dokument\u00f3w<\/li>\n<li>Us\u0142ugi z zakresu BHP<\/li>\n<li>Audyty dokumentacji ksi\u0119gowej<\/li>\n<li>Badanie sprawozda\u0144 finansowych<\/li>\n<li>Sprawozdawczo\u015b\u0107 PFRON<\/li>\n<li>Przygotowywanie sprawozda\u0144 statystycznych GUS<\/li>\n<li>Przygotowywanie sprawozda\u0144 dla Narodowego Banku Polskiego<\/li>\n<li>Sprawozdawczo\u015b\u0107 do NFZ<\/li>\n<\/ul>\n","protected":false},"excerpt":{"rendered":"<p>FINANCE INVESTMENT KSI\u0118GOWO\u015a\u0106 I FINANSE \u015awiadczymy pe\u0142ny zakres us\u0142ug z zakresu ksi\u0119gowo\u015bci rachunkowej,\u00a0finansowej oraz zarz\u0105dczej. Rozliczamy firmy o r\u00f3\u017cnych formach\u00a0dzia\u0142alno\u015bci&hellip;<\/p>\n","protected":false},"author":2,"featured_media":0,"parent":0,"menu_order":0,"comment_status":"closed","ping_status":"closed","template":"","meta":{"footnotes":""},"class_list":["post-460","page","type-page","status-publish","hentry"],"_links":{"self":[{"href":"https:\/\/financeinvestment.pl\/index.php?rest_route=\/wp\/v2\/pages\/460","targetHints":{"allow":["GET"]}}],"collection":[{"href":"https:\/\/financeinvestment.pl\/index.php?rest_route=\/wp\/v2\/pages"}],"about":[{"href":"https:\/\/financeinvestment.pl\/index.php?rest_route=\/wp\/v2\/types\/page"}],"author":[{"embeddable":true,"href":"https:\/\/financeinvestment.pl\/index.php?rest_route=\/wp\/v2\/users\/2"}],"replies":[{"embeddable":true,"href":"https:\/\/financeinvestment.pl\/index.php?rest_route=%2Fwp%2Fv2%2Fcomments&post=460"}],"version-history":[{"count":4,"href":"https:\/\/financeinvestment.pl\/index.php?rest_route=\/wp\/v2\/pages\/460\/revisions"}],"predecessor-version":[{"id":492,"href":"https:\/\/financeinvestment.pl\/index.php?rest_route=\/wp\/v2\/pages\/460\/revisions\/492"}],"wp:attachment":[{"href":"https:\/\/financeinvestment.pl\/index.php?rest_route=%2Fwp%2Fv2%2Fmedia&parent=460"}],"curies":[{"name":"wp","href":"https:\/\/api.w.org\/{rel}","templated":true}]}}