{"id":469,"date":"2021-07-07T18:54:21","date_gmt":"2021-07-07T16:54:21","guid":{"rendered":"http:\/\/financeinvestment.pl\/?page_id=469"},"modified":"2021-07-07T18:59:13","modified_gmt":"2021-07-07T16:59:13","slug":"kadry-i-place","status":"publish","type":"page","link":"https:\/\/financeinvestment.pl\/?page_id=469","title":{"rendered":"KADRY I P\u0141ACE"},"content":{"rendered":"<h3><img loading=\"lazy\" decoding=\"async\" class=\"alignnone wp-image-470 size-full\" src=\"http:\/\/financeinvestment.pl\/wp-content\/uploads\/2021\/07\/Kadry-i-place.png\" alt=\"\" width=\"739\" height=\"525\" srcset=\"https:\/\/financeinvestment.pl\/wp-content\/uploads\/2021\/07\/Kadry-i-place.png 739w, https:\/\/financeinvestment.pl\/wp-content\/uploads\/2021\/07\/Kadry-i-place-300x213.png 300w\" sizes=\"auto, (max-width: 739px) 100vw, 739px\" \/><\/h3>\n<h3><span style=\"color: #ff0000;\">Finance Investment Dzia\u0142 Kadr<\/span><\/h3>\n<ul>\n<li>Profesjonalnie prowadzony, do\u015bwiadczony dzia\u0142 kadr i p\u0142ac to wizyt\u00f3wka\u00a0dla pracodawcy i du\u017ca dogodno\u015b\u0107 pracownika.<\/li>\n<li>Opr\u00f3cz naliczania\u00a0wynagrodze\u0144 i sporz\u0105dzania deklaracji do ZUS wyr\u0119czymy Pa\u0144stwa we\u00a0wszelkich obowi\u0105zkach zwi\u0105zanych z prowadzeniem dokumentacji\u00a0pracowniczej.<\/li>\n<\/ul>\n<h3><span style=\"color: #ff0000;\">Finance Investment oferuje<\/span><\/h3>\n<ul>\n<li>Sporz\u0105dzanie miesi\u0119cznych list wynagrodze\u0144 pracownik\u00f3w.<\/li>\n<li>Sporz\u0105dzanie rachunk\u00f3w do um\u00f3w zlece\u0144 i o dzie\u0142o.<\/li>\n<li>Przesy\u0142anie deklaracji do ZUS elektronicznie przy pomocy podpisu<\/li>\n<li>kwalifikowanego.<\/li>\n<li>Sporz\u0105dzanie um\u00f3w o prac\u0119, \u015bwiadectw pracy i innych dokument\u00f3w\u00a0zwi\u0105zanych z zatrudnieniem<\/li>\n<li>Prowadzenie akt osobowych<\/li>\n<li>Przygotowywanie rocznych rozlicze\u0144 podatkowych<\/li>\n<li>Obs\u0142uga um\u00f3w zlece\u0144, o dzie\u0142o i um\u00f3w akordowych<\/li>\n<li>Rejestracj\u0119 przedsi\u0119biorstwa i jego pracownik\u00f3w w ZUS<\/li>\n<li>Przygotowanie instrukcji p\u0142acowych dotycz\u0105cych wynagrodze\u0144 netto<\/li>\n<li>ubezpieczenia spo\u0142ecznego i podatku dochodowego<\/li>\n<li>Sporz\u0105dzanie i sk\u0142adanie deklaracji podatkowych oraz ubezpieczeniowych<\/li>\n<li>pracownik\u00f3w.<\/li>\n<li>Sporz\u0105dzanie i sk\u0142adanie deklaracji podatkowych oraz ubezpieczeniowych przedsi\u0119biorstwa.<\/li>\n<li>Sporz\u0105dzanie sprawozda\u0144 do cel\u00f3w ksi\u0119gowych i zarz\u0105dczych (koszty\u00a0osobowe, koszty dzia\u0142\u00f3w).<\/li>\n<li>Pomoc w trakcie audyt\u00f3w<\/li>\n<li>Kierowanie pracownik\u00f3w na badania lekarskie wymagane przepisami Prawa\u00a0Pracy<\/li>\n<li>Kontakty z Urz\u0119dem Skarbowym w zakresie podatku od wynagrodze\u0144<\/li>\n<li>Sporz\u0105dzanie raport\u00f3w statystycznych wymaganych przepisami Prawa Pracy<\/li>\n<li>Reprezentowanie przedsi\u0119biorstwa, w tym pomoc podczas kontroli z<\/li>\n<li>Inspekcji Pracy, ZUS czy Urz\u0119du Skarbowego<\/li>\n<li>na \u017cyczenie klienta: &#8211; Dokonywanie stosownych przelew\u00f3w w imieniu<\/li>\n<li>Klienta na podstawie udzielonego upowa\u017cnienia<\/li>\n<\/ul>\n","protected":false},"excerpt":{"rendered":"<p>Finance Investment Dzia\u0142 Kadr Profesjonalnie prowadzony, do\u015bwiadczony dzia\u0142 kadr i p\u0142ac to wizyt\u00f3wka\u00a0dla pracodawcy i du\u017ca dogodno\u015b\u0107 pracownika. Opr\u00f3cz naliczania\u00a0wynagrodze\u0144&hellip;<\/p>\n","protected":false},"author":2,"featured_media":0,"parent":0,"menu_order":0,"comment_status":"closed","ping_status":"closed","template":"","meta":{"footnotes":""},"class_list":["post-469","page","type-page","status-publish","hentry"],"_links":{"self":[{"href":"https:\/\/financeinvestment.pl\/index.php?rest_route=\/wp\/v2\/pages\/469","targetHints":{"allow":["GET"]}}],"collection":[{"href":"https:\/\/financeinvestment.pl\/index.php?rest_route=\/wp\/v2\/pages"}],"about":[{"href":"https:\/\/financeinvestment.pl\/index.php?rest_route=\/wp\/v2\/types\/page"}],"author":[{"embeddable":true,"href":"https:\/\/financeinvestment.pl\/index.php?rest_route=\/wp\/v2\/users\/2"}],"replies":[{"embeddable":true,"href":"https:\/\/financeinvestment.pl\/index.php?rest_route=%2Fwp%2Fv2%2Fcomments&post=469"}],"version-history":[{"count":1,"href":"https:\/\/financeinvestment.pl\/index.php?rest_route=\/wp\/v2\/pages\/469\/revisions"}],"predecessor-version":[{"id":471,"href":"https:\/\/financeinvestment.pl\/index.php?rest_route=\/wp\/v2\/pages\/469\/revisions\/471"}],"wp:attachment":[{"href":"https:\/\/financeinvestment.pl\/index.php?rest_route=%2Fwp%2Fv2%2Fmedia&parent=469"}],"curies":[{"name":"wp","href":"https:\/\/api.w.org\/{rel}","templated":true}]}}