{"id":478,"date":"2021-07-07T19:49:06","date_gmt":"2021-07-07T17:49:06","guid":{"rendered":"http:\/\/financeinvestment.pl\/?page_id=478"},"modified":"2021-07-07T19:49:22","modified_gmt":"2021-07-07T17:49:22","slug":"fundusze-ue","status":"publish","type":"page","link":"https:\/\/financeinvestment.pl\/?page_id=478","title":{"rendered":"FUNDUSZE UE"},"content":{"rendered":"<p>&nbsp;<\/p>\n<p><img loading=\"lazy\" decoding=\"async\" class=\"alignnone wp-image-479 size-full\" src=\"http:\/\/financeinvestment.pl\/wp-content\/uploads\/2021\/07\/EU.png\" alt=\"\" width=\"872\" height=\"574\" srcset=\"https:\/\/financeinvestment.pl\/wp-content\/uploads\/2021\/07\/EU.png 872w, https:\/\/financeinvestment.pl\/wp-content\/uploads\/2021\/07\/EU-300x197.png 300w, https:\/\/financeinvestment.pl\/wp-content\/uploads\/2021\/07\/EU-768x506.png 768w\" sizes=\"auto, (max-width: 872px) 100vw, 872px\" \/><\/p>\n<h3><span style=\"color: #ff0000;\"><strong>FINANCE INVESTMENT FUNDUSZE UE:<\/strong><\/span><\/h3>\n<ul>\n<li>dopasowanie funduszu UE do prowadzonej dzia\u0142alno\u015bci<\/li>\n<li>sporz\u0105dzania biznesplanu\u00a0sporz\u0105dzanie Wykresu Gantta<\/li>\n<li>sporz\u0105dzanie bilans\u00f3w 2 lata wstecz + symulacja na 3 nast\u0119pne lata &#8211;<\/li>\n<li>zgodnie z wytycznymi projektu<\/li>\n<li>skompletowanie danych finansowych i zwi\u0105zanych z prowadzon\u0105\u00a0dzia\u0142alno\u015bci\u0105, w tym wymaganych certyfikat\u00f3w, koncesji, zezwole\u0144<\/li>\n<li>przygotowanie projektu we wsp\u00f3\u0142pracy z instytucj\u0105 wdra\u017caj\u0105c\u0105\u00a0mo\u017cliwo\u015b\u0107 ustanowienia pe\u0142nomocnictwa<\/li>\n<li>rozliczanie projekt\u00f3w &#8211; ksi\u0119gowo\u015b\u0107 funduszy: koszty klasyfikowalne i\u00a0koszty nieklasyfikowalne, szczeg\u00f3\u0142owe procedury.<\/li>\n<\/ul>\n","protected":false},"excerpt":{"rendered":"<p>&nbsp; FINANCE INVESTMENT FUNDUSZE UE: dopasowanie funduszu UE do prowadzonej dzia\u0142alno\u015bci sporz\u0105dzania biznesplanu\u00a0sporz\u0105dzanie Wykresu Gantta sporz\u0105dzanie bilans\u00f3w 2 lata wstecz&hellip;<\/p>\n","protected":false},"author":2,"featured_media":0,"parent":0,"menu_order":0,"comment_status":"closed","ping_status":"closed","template":"","meta":{"footnotes":""},"class_list":["post-478","page","type-page","status-publish","hentry"],"_links":{"self":[{"href":"https:\/\/financeinvestment.pl\/index.php?rest_route=\/wp\/v2\/pages\/478","targetHints":{"allow":["GET"]}}],"collection":[{"href":"https:\/\/financeinvestment.pl\/index.php?rest_route=\/wp\/v2\/pages"}],"about":[{"href":"https:\/\/financeinvestment.pl\/index.php?rest_route=\/wp\/v2\/types\/page"}],"author":[{"embeddable":true,"href":"https:\/\/financeinvestment.pl\/index.php?rest_route=\/wp\/v2\/users\/2"}],"replies":[{"embeddable":true,"href":"https:\/\/financeinvestment.pl\/index.php?rest_route=%2Fwp%2Fv2%2Fcomments&post=478"}],"version-history":[{"count":1,"href":"https:\/\/financeinvestment.pl\/index.php?rest_route=\/wp\/v2\/pages\/478\/revisions"}],"predecessor-version":[{"id":480,"href":"https:\/\/financeinvestment.pl\/index.php?rest_route=\/wp\/v2\/pages\/478\/revisions\/480"}],"wp:attachment":[{"href":"https:\/\/financeinvestment.pl\/index.php?rest_route=%2Fwp%2Fv2%2Fmedia&parent=478"}],"curies":[{"name":"wp","href":"https:\/\/api.w.org\/{rel}","templated":true}]}}